{"id":182,"date":"2023-10-22T11:36:38","date_gmt":"2023-10-22T11:36:38","guid":{"rendered":"https:\/\/centrumbadawczesas.us.edu.pl\/?page_id=182"},"modified":"2023-10-22T11:36:39","modified_gmt":"2023-10-22T11:36:39","slug":"polityka-prywatnosci-serwisow-internetowych-uniwersytetu-slaskiego-w-katowicach","status":"publish","type":"page","link":"https:\/\/centrumbadawczesas.us.edu.pl\/index.php\/polityka-prywatnosci-serwisow-internetowych-uniwersytetu-slaskiego-w-katowicach\/","title":{"rendered":"Polityka Prywatno\u015bci Serwis\u00f3w Internetowych Uniwersytetu \u015al\u0105skiego w Katowicach"},"content":{"rendered":"\n<h3 class=\"wp-block-heading\">Wprowadzenie<\/h3>\n\n\n\n<ol class=\"wp-block-list\">\n<li>Uniwersytet \u015al\u0105ski w Katowicach przywi\u0105zuje du\u017c\u0105 wag\u0119 do poszanowania prywatno\u015bci u\u017cytkownik\u00f3w odwiedzaj\u0105cych serwisy internetowe Uczelni. Niniejszy dokument opisuje, w jakim celu i w jaki spos\u00f3b przetwarzane s\u0105 dane u\u017cytkownik\u00f3w serwis\u00f3w internetowych Uczelni.<\/li>\n<\/ol>\n\n\n\n<h3 class=\"wp-block-heading\">Dane kontaktowe<\/h3>\n\n\n\n<ol class=\"wp-block-list\">\n<li>Administratorem danych osobowych przetwarzanych w serwisach internetowych Uczelni jest Uniwersytet \u015al\u0105ski w Katowicach. Z administratorem mo\u017cna si\u0119 skontaktowa\u0107 w nast\u0119puj\u0105cy spos\u00f3b:\n<ol class=\"wp-block-list\">\n<li>listownie na adres: ul. Bankowa 12, 40-007 Katowice,<\/li>\n\n\n\n<li>przez e-mail: administrator.danych@us.edu.pl.<\/li>\n<\/ol>\n<\/li>\n\n\n\n<li>We wszystkich sprawach dotycz\u0105cych przetwarzania danych osobowych oraz korzystania z praw zwi\u0105zanych z przetwarzaniem danych, mo\u017cna si\u0119 kontaktowa\u0107 z Inspektorem Ochrony Danych Uniwersytetu \u015al\u0105skiego w Katowicach w nast\u0119puj\u0105cy spos\u00f3b:\n<ol class=\"wp-block-list\">\n<li>listownie na adres: ul. Bankowa 12, 40-007 Katowice,<\/li>\n\n\n\n<li>przez e-mail: iod@us.edu.pl.<\/li>\n<\/ol>\n<\/li>\n\n\n\n<li>We wszystkich sprawach technicznych nale\u017cy si\u0119 kontaktowa\u0107<br>z administratorem serwisu internetowego, kt\u00f3rego dane s\u0105 podane w danym serwisie internetowym lub z Dzia\u0142em Administracji Sieci i Us\u0142ug Sieciowych za pomoc\u0105 wiadomo\u015bci e-mail wys\u0142anej na adres: hosting@us.edu.pl.<\/li>\n<\/ol>\n\n\n\n<h3 class=\"wp-block-heading\">Konta u\u017cytkownik\u00f3w<\/h3>\n\n\n\n<ol class=\"wp-block-list\">\n<li>Zak\u0142adane automatycznie konta student\u00f3w, doktorant\u00f3w, s\u0142uchaczy i pracownik\u00f3w w systemach informatycznych Uniwersytetu \u015al\u0105skiego w Katowicach tworzone s\u0105 w celach niezb\u0119dnych do realizacji procesu kszta\u0142cenia oraz realizacji obowi\u0105zk\u00f3w pracowniczych lub studenckich.<\/li>\n\n\n\n<li>Konta innych os\u00f3b lub konta w systemach innych ni\u017c w ust.1 tworzone s\u0105 dobrowolnie na wniosek zainteresowanej osoby.<\/li>\n<\/ol>\n\n\n\n<h3 class=\"wp-block-heading\">Gromadzenie danych<\/h3>\n\n\n\n<ol class=\"wp-block-list\">\n<li>Uniwersytet \u015al\u0105ski w Katowicach gromadzi w systemach informatycznych dane niezb\u0119dne do realizacji procesu kszta\u0142cenia oraz realizacji obowi\u0105zk\u00f3w pracowniczych lub studenckich.<\/li>\n\n\n\n<li>Uniwersytet \u015al\u0105ski w Katowicach gromadzi dane podane dobrowolnie przez u\u017cytkownik\u00f3w poprzez wype\u0142nienie formularzy zawartych na stronach serwis\u00f3w internetowych Uczelni, np. podczas rejestracji na konferencj\u0119, rejestracji na wyk\u0142ad organizowany przez Uczelni\u0119 lub po za\u0142o\u017ceniu konta na jednym z serwis\u00f3w internetowych Uczelni.<\/li>\n\n\n\n<li>Dane gromadzone w serwisach internetowych nie s\u0105 widoczne dla os\u00f3b nieuprawnionych.<\/li>\n\n\n\n<li>W przypadku skierowania \u017c\u0105dania Uniwersytet \u015al\u0105ski w Katowicach udost\u0119pnia dane osobowe uprawnionym organom pa\u0144stwowym.<\/li>\n\n\n\n<li>W przypadkach zbierania przez Uniwersytet \u015al\u0105ski w Katowicach danych osobowych za po\u015brednictwem formularzy na stronach serwis\u00f3w internetowych, u\u017cytkownik zostanie poinformowany w klauzuli informacyjnej o sposobie i celu przetwarzania danych, a tak\u017ce o prawach osoby, kt\u00f3rej dane dotycz\u0105, zwi\u0105zanych z ochron\u0105 danych osobowych, zgodnie z wymogami rozporz\u0105dzenia RODO.<\/li>\n\n\n\n<li>Uniwersytet \u015al\u0105ski w Katowicach mo\u017ce korzysta\u0107:\n<ol class=\"wp-block-list\">\n<li>z dostawc\u00f3w us\u0142ug, kt\u00f3rzy przetwarzaj\u0105 dane osobowe na polecenie i w spos\u00f3b okre\u015blony przez Uniwersytet,<\/li>\n\n\n\n<li>z dostawc\u00f3w us\u0142ug, kt\u00f3rzy nie dzia\u0142aj\u0105 wy\u0142\u0105cznie na polecenie Uniwersytetu i sami ustalaj\u0105 cele i sposoby wykorzystania danych osobowych U\u017cytkownik\u00f3w.<\/li>\n<\/ol>\n<\/li>\n\n\n\n<li>W sytuacji gdy dane osobowe b\u0119d\u0105 przekazywane poza terytorium Europejskiego Obszaru Gospodarczego, Administrator dba o to, aby dostawcy tych us\u0142ug dawali gwarancje ochrony danych osobowych i stosuje wobec nich \u015brodki zabezpieczaj\u0105ce transfer danych zgodnie z ustaleniami RODO.<\/li>\n\n\n\n<li>Na stronach internetowych Uczelni zamieszczane s\u0105 odno\u015bniki do stron internetowych podmiot\u00f3w zewn\u0119trznych. Uniwersytet \u015al\u0105ski w Katowicach nie odpowiada za polityk\u0119 prywatno\u015bci podmiot\u00f3w zewn\u0119trznych. U\u017cytkownicy powinni zapozna\u0107 si\u0119 ze szczeg\u00f3\u0142owymi zasadami ochrony prywatno\u015bci tych podmiot\u00f3w.<\/li>\n<\/ol>\n\n\n\n<h3 class=\"wp-block-heading\">Pliki cookies<\/h3>\n\n\n\n<ol class=\"wp-block-list\">\n<li>W celu optymalizacji us\u0142ug, umo\u017cliwienia prawid\u0142owego funkcjonowania i zapisywania ustawie\u0144 poszczeg\u00f3lnych u\u017cytkownik\u00f3w, strony internetowe Uniwersytetu \u015al\u0105skiego w Katowicach wykorzystuj\u0105 tzw. cookies (z ang. ciasteczka). Cookies to ma\u0142e pliki tekstowe wysy\u0142ane przez serwis do przegl\u0105darki internetowej u\u017cytkownika na urz\u0105dzeniu ko\u0144cowym (komputer, smartfon, tablet, itp.).<\/li>\n\n\n\n<li>Pliki cookies s\u0142u\u017c\u0105 przede wszystkim utrzymaniu sesji u\u017cytkownika w celu umo\u017cliwienia mu wygodnego korzystania z serwisu, w tym zapami\u0119tania preferencji u\u017cytkownika, takich jak rozmiar czcionki, kontrast, itp.. Pliki cookies mog\u0105 by\u0107 wykorzystane do ograniczenia wy\u015bwietle\u0144 informacji i innych tre\u015bci prezentowanych na stronach internetowych Uniwersytetu \u015al\u0105skiego w Katowicach. Pliki cookies mog\u0105 by\u0107 r\u00f3wnie\u017c wykorzystywane do mierzenia skuteczno\u015bci tych dzia\u0142a\u0144 oraz do zbierania statystyk korzystania ze stron internetowych Uczelni.<\/li>\n\n\n\n<li>Na stronach internetowych Uniwersytetu \u015al\u0105skiego w Katowicach stosowane s\u0105 nast\u0119puj\u0105ce rodzaje plik\u00f3w cookies:\n<ol class=\"wp-block-list\">\n<li>cookies sesyjne \u2013 pozostaj\u0105 na urz\u0105dzeniu u\u017cytkownika do czasu opuszczenia strony internetowej lub wy\u0142\u0105czenia oprogramowania (przegl\u0105darki internetowej),<\/li>\n\n\n\n<li>cookies sta\u0142e \u2013 pozostaj\u0105 na urz\u0105dzeniu u\u017cytkownika przez czas okre\u015blony w parametrach plik\u00f3w lub do czasu ich usuni\u0119cia przez u\u017cytkownika.<\/li>\n<\/ol>\n<\/li>\n\n\n\n<li>Pliki cookies mog\u0105 by\u0107 klasyfikowane pod k\u0105tem celu dla kt\u00f3rego s\u0105 stosowane. Wyr\u00f3\u017cniamy nastepuj\u0105ce typy plik\u00f3w cookies:\n<ol class=\"wp-block-list\">\n<li>niezb\u0119dne (funkcjonalne) \u2013 pliki zapewniaj\u0105ce prawid\u0142owe funkcjonowanie strony internetowej i jej podstawowych funkcji. Bez nich nie jest mo\u017cliwe prawid\u0142owe korzystanie z us\u0142ug online. Te pliki cookie zwolnione s\u0105 z obowi\u0105zku uzyskania zgody u\u017cytkownika (art. 173 ust. 3 ustawy prawo telekomunikacyjne),<\/li>\n\n\n\n<li>preferencje \u2013 pliki cookie z kategorii \u201epreferencje\u201d s\u0105 stosowane w celu zapami\u0119tania preferencji u\u017cytkownika dotycz\u0105cych r\u00f3\u017cnych funkcjonalno\u015bci strony internetowej. Dzi\u0119ki nim strona mo\u017ce zapami\u0119ta\u0107 wybrane przez u\u017cytkownika ustawienia, takie jak j\u0119zyk, rozmiar czcionki, czy preferencje dotycz\u0105ce prywatno\u015bci. Pliki cookie z kategorii \u201epreferencje\u201d pozwalaj\u0105 na dostosowanie strony do indywidualnych potrzeb u\u017cytkownika i u\u0142atwiaj\u0105 korzystanie z niej. Jednocze\u015bnie, dzi\u0119ki nim u\u017cytkownik nie musi ka\u017cdorazowo wprowadza\u0107 tych samych ustawie\u0144 podczas kolejnych wizyt na stronie,<\/li>\n\n\n\n<li>statystyczne \u2013 pliki cookie z kategorii \u201estatystyczne\u201d umo\u017cliwiaj\u0105 \u015bledzenie liczby i \u017ar\u00f3d\u0142a odwiedzin, dzi\u0119ki czemu mo\u017cliwy jest pomiar efektywno\u015bci danego serwisu internetowego. Ten rodzaj plik\u00f3w cookie umo\u017cliwia mi\u0119dzy innymi odpowied\u017a na pytanie, kt\u00f3re podstrony s\u0105 najcz\u0119\u015bciej lub najrzadziej odwiedzane oraz w jaki spos\u00f3b odwiedzaj\u0105cy poruszaj\u0105 si\u0119 po stronach internetowych. Brak zgody na przetwarzanie tych plik\u00f3w cookies uniemo\u017cliwi Uniwersytetowi \u015al\u0105skiemu dokonywanie analizy maj\u0105cej na celu udoskonalanie serwis\u00f3w internetowych ale zwykle nie spowoduje ograniczenia funkcjonalno\u015bci serwisu dla odwiedzaj\u0105cego. Te pliki cookies zwykle dostarczane s\u0105 poprzez firmy trzecie i mog\u0105 powodowa\u0107 wysy\u0142anie okre\u015blonych danych zwi\u0105zanych z u\u017cytkownikami do tych firm,<\/li>\n\n\n\n<li>inne pliki cookies \u2013 pliki nie wpisuj\u0105ce si\u0119 w \u017cadn\u0105 z wymienionych kategorii. W przypadku wyst\u0119powania takich plik\u00f3w u\u017cytkownik zostanie poinformowany o wyst\u0119powaniu takich plik\u00f3w i konsekwencjach braku wyra\u017cenia zgody na ich przetwarzanie.<\/li>\n<\/ol>\n<\/li>\n\n\n\n<li>Przegl\u0105darki internetowe domy\u015blnie dopuszczaj\u0105 stosowanie plik\u00f3w cookies, jednak te ustawienia mog\u0105 by\u0107 zawsze zmienione przez u\u017cytkownika. U\u017cytkownicy mog\u0105 kontrolowa\u0107 zachowanie swojej przegl\u0105darki internetowej w zakresie plik\u00f3w cookies. Mog\u0105 ca\u0142kowicie lub cz\u0119\u015bciowo wy\u0142\u0105czy\u0107 przechowywanie plik\u00f3w cookie w ustawieniach swojej przegl\u0105darki. Nale\u017cy jednak pami\u0119ta\u0107, \u017ce ograniczenie stosowania plik\u00f3w cookies mo\u017ce utrudni\u0107, a nawet uniemo\u017cliwi\u0107 korzystanie z niekt\u00f3rych stron internetowych.<\/li>\n\n\n\n<li>Przegl\u0105daj\u0105c serwisy internetowe Uniwersytetu \u015al\u0105skiego w Katowicach bez zmian w swojej przegl\u0105darce, u\u017cytkownicy wyra\u017caj\u0105 zgod\u0119 na wykorzystywanie przez Uczelni\u0119 niezb\u0119dnych plik\u00f3w cookies. Dzi\u0119ki temu serwisy internetowe Uczelni mog\u0105 by\u0107 maksymalnie bezpieczne i wygodne w u\u017cytkowaniu. U\u017cytkownik mo\u017ce wycofa\u0107 zgod\u0119 na wykorzystanie tych plik\u00f3w cookies poprzez usuni\u0119cie ich z wykorzystywanej przez siebie przegl\u0105darki internetowej. Uniwersytet \u015al\u0105ski w Katowicach informuje o wykorzystywaniu takich plik\u00f3w cookies.<\/li>\n\n\n\n<li>W przypadku wyst\u0119powania w serwisie internetowym innych typ\u00f3w plik\u00f3w cookies, u\u017cytkownikowi zostanie wy\u015bwietlone okno dialogowe w kt\u00f3rym b\u0119dzie m\u00f3g\u0142 podj\u0105\u0107 decyzj\u0119, czy wyra\u017ca zgod\u0119 na wykorzystanie tych plik\u00f3w cookies. Zgoda ta b\u0119dzie mog\u0142a by\u0107 w ka\u017cdej chwili wycofana poprzez ponowny wyb\u00f3r opcji w oknie dialogowym lub poprzez usuni\u0119cie plik\u00f3w cookies w wykorzystywanej przez u\u017cytkownika przegl\u0105darce internetowej.<\/li>\n\n\n\n<li>Na stronach internetowych Uniwersytetu \u015al\u0105skiego wykorzystywane s\u0105 nast\u0119puj\u0105ce pliki cookies:HotjarStatystyki, FunkcjonalneConsent to service hotjar<a target=\"_blank\" rel=\"noreferrer noopener\" href=\"https:\/\/cookiedatabase.org\/cookie\/unknown-service\/_hjfirstseen\/\"><\/a><a target=\"_blank\" rel=\"noreferrer noopener\" href=\"https:\/\/cookiedatabase.org\/cookie\/unknown-service\/_hjincludedinsessionsample\/\"><\/a><a target=\"_blank\" rel=\"noreferrer noopener\" href=\"https:\/\/cookiedatabase.org\/cookie\/unknown-service\/_hjincludedinpageviewsample\/\"><\/a><a target=\"_blank\" rel=\"noreferrer noopener\" href=\"https:\/\/cookiedatabase.org\/cookie\/unknown-service\/_hjabsolutesessioninprogress\/\"><\/a><a target=\"_blank\" rel=\"noreferrer noopener\" href=\"https:\/\/cookiedatabase.org\/cookie\/unknown-service\/_hjsessionuser_\/\"><\/a><a target=\"_blank\" rel=\"noreferrer noopener\" href=\"https:\/\/cookiedatabase.org\/cookie\/unknown-service\/_hjsession_\/\"><\/a>Google AnalyticsStatystyki, FunkcjonalneConsent to service google-analytics<a target=\"_blank\" rel=\"noreferrer noopener\" href=\"https:\/\/cookiedatabase.org\/cookie\/unknown-service\/_gid\/\"><\/a><a target=\"_blank\" rel=\"noreferrer noopener\" href=\"https:\/\/cookiedatabase.org\/cookie\/unknown-service\/_gat_gtag_ua_-2\/\"><\/a><a target=\"_blank\" rel=\"noreferrer noopener\" href=\"https:\/\/cookiedatabase.org\/cookie\/unknown-service\/_ga\/\"><\/a><a target=\"_blank\" rel=\"noreferrer noopener\" href=\"https:\/\/cookiedatabase.org\/cookie\/unknown-service\/_ga_\/\"><\/a><a target=\"_blank\" rel=\"noreferrer noopener\" href=\"https:\/\/cookiedatabase.org\/cookie\/unknown-service\/_gat_ua-2\/\"><\/a>WordPressFunkcjonalneConsent to service wordpress<a target=\"_blank\" rel=\"noreferrer noopener\" href=\"https:\/\/cookiedatabase.org\/cookie\/unknown-service\/wordpress_test_cookie\/\"><\/a><a target=\"_blank\" rel=\"noreferrer noopener\" href=\"https:\/\/cookiedatabase.org\/cookie\/unknown-service\/wp_lang\/\"><\/a><a target=\"_blank\" rel=\"noreferrer noopener\" href=\"https:\/\/cookiedatabase.org\/cookie\/unknown-service\/wp-settings\/\"><\/a><a target=\"_blank\" rel=\"noreferrer noopener\" href=\"https:\/\/cookiedatabase.org\/cookie\/unknown-service\/wp-settings-time\/\"><\/a><a target=\"_blank\" rel=\"noreferrer noopener\" href=\"https:\/\/cookiedatabase.org\/cookie\/unknown-service\/wordpress_logged_in_\/\"><\/a>Q TranslateFunkcjonalneConsent to service q-translate<a target=\"_blank\" rel=\"noreferrer noopener\" href=\"https:\/\/cookiedatabase.org\/cookie\/unknown-service\/qtrans_front_language\/\"><\/a>ComplianzFunkcjonalneConsent to service complianz<a target=\"_blank\" rel=\"noreferrer noopener\" href=\"https:\/\/complianz.io\/legal\/privacy-statement\/\"><\/a><a target=\"_blank\" rel=\"noreferrer noopener\" href=\"https:\/\/cookiedatabase.org\/cookie\/unknown-service\/cmplz_user_data\/\"><\/a><a target=\"_blank\" rel=\"noreferrer noopener\" href=\"https:\/\/cookiedatabase.org\/cookie\/unknown-service\/cmplz_rt_consented_services\/\"><\/a><a target=\"_blank\" rel=\"noreferrer noopener\" href=\"https:\/\/cookiedatabase.org\/cookie\/unknown-service\/cmplz_rt_policy_id\/\"><\/a><a target=\"_blank\" rel=\"noreferrer noopener\" href=\"https:\/\/cookiedatabase.org\/cookie\/unknown-service\/cmplz_rt_marketing\/\"><\/a><a target=\"_blank\" rel=\"noreferrer noopener\" href=\"https:\/\/cookiedatabase.org\/cookie\/unknown-service\/cmplz_rt_statistics\/\"><\/a><a target=\"_blank\" rel=\"noreferrer noopener\" href=\"https:\/\/cookiedatabase.org\/cookie\/unknown-service\/cmplz_rt_preferences\/\"><\/a><a target=\"_blank\" rel=\"noreferrer noopener\" href=\"https:\/\/cookiedatabase.org\/cookie\/unknown-service\/cmplz_rt_functional\/\"><\/a>R\u00f3\u017cneCel w toku sprawdzaniaConsent to service r\u00f3\u017cne<a target=\"_blank\" rel=\"noreferrer noopener\" href=\"https:\/\/cookiedatabase.org\/cookie\/unknown-service\/mjgzyzdkyzitmwyxoc00mwiyltlkmdctmzc2yzg3ota3nzm3fdu5nde2owu5ltmzywetndm4zi1iyzziltnlmmq2mdzlzmfhng-sessionid\/\"><\/a><a target=\"_blank\" rel=\"noreferrer noopener\" href=\"https:\/\/cookiedatabase.org\/cookie\/unknown-service\/wp-postpass_\/\"><\/a><a target=\"_blank\" rel=\"noreferrer noopener\" href=\"https:\/\/cookiedatabase.org\/cookie\/unknown-service\/wp-postpass-role_-2\/\"><\/a><\/li>\n<\/ol>\n\n\n\n<h3 class=\"wp-block-heading\">Bezpiecze\u0144stwo danych<\/h3>\n\n\n\n<ol class=\"wp-block-list\">\n<li>Uniwersytet \u015al\u0105ski w Katowicach dok\u0142ada stara\u0144 technicznych i organizacyjnych, aby dane przetwarzane w serwisach internetowych by\u0142y odpowiednio zabezpieczone przed nieuprawnionym dost\u0119pem os\u00f3b trzecich.<\/li>\n\n\n\n<li>W celu zapewnienia bezpiecze\u0144stwa, utrzymania sesji u\u017cytkownika oraz optymalizacji us\u0142ug, systemy informatyczne serwis\u00f3w internetowych Uczelni automatycznie gromadz\u0105 takie dane jak: adres IP komputera oraz zewn\u0119trzny adres IP dostawcy Internetu z kt\u00f3rego nawi\u0105zano po\u0142\u0105czenie, nazw\u0119 stacji klienta, nazw\u0119 U\u017cytkownika w procesie autoryzacji, czas zapytania, przebieg procesu, wielko\u015b\u0107 odpowiedzi, informacje o nag\u0142\u00f3wkach wiadomo\u015bci, informacje o statusie odpowiedzi, statusie komunikacji oraz dane sesji u\u017cytkownika.<\/li>\n\n\n\n<li>W celu zapewnienia bezpiecze\u0144stwa, ruch sieciowy zwi\u0105zany z korzystaniem z serwis\u00f3w Uczelni jest automatycznie analizowany. W trakcie analizy fragmenty informacji mog\u0105 by\u0107 przesy\u0142ane do firm dostarczaj\u0105cych Uczelni narz\u0119dzia bezpiecze\u0144stwa w celu analizy pod k\u0105tem zagro\u017ce\u0144.<\/li>\n<\/ol>\n\n\n\n<p><\/p>\n\n\n\n<p><a href=\"https:\/\/us.edu.pl\/polityka-prywatnosci-usedupl\/#\"><em><\/em><\/a><\/p>\n\n\n\n<p><a href=\"https:\/\/www.facebook.com\/sharer.php?u=https:\/\/us.edu.pl\/polityka-prywatnosci-usedupl\" target=\"_blank\" rel=\"noreferrer noopener\"><em><\/em><\/a><\/p>\n\n\n\n<p><a href=\"http:\/\/twitter.com\/share?url=https:\/\/us.edu.pl\/polityka-prywatnosci-usedupl\" target=\"_blank\" rel=\"noreferrer noopener\"><em><\/em><\/a><a href=\"https:\/\/us.edu.pl\/polityka-prywatnosci-usedupl\/#\"><em><\/em><\/a><\/p>\n\n\n\n<figure class=\"wp-block-image\"><a href=\"https:\/\/bip.us.edu.pl\/\" target=\"_blank\" rel=\"noreferrer noopener\"><img decoding=\"async\" src=\"https:\/\/us.edu.pl\/wp-content\/themes\/uniwersytet-slaski\/img\/bip.png\" alt=\"BIP\"\/><\/a><\/figure>\n\n\n\n<p><a href=\"https:\/\/www.facebook.com\/UniwersytetSlaski\/\" target=\"_blank\" rel=\"noreferrer noopener\"><em><\/em><\/a><a href=\"https:\/\/www.instagram.com\/uniwersytetslaski\/\" target=\"_blank\" rel=\"noreferrer noopener\"><em><\/em><\/a><a href=\"https:\/\/twitter.com\/usinkatowice\" target=\"_blank\" rel=\"noreferrer noopener\"><em><\/em><\/a><a href=\"https:\/\/www.youtube.com\/UniwersytetSlaski\" target=\"_blank\" rel=\"noreferrer noopener\"><em><\/em><\/a><a href=\"https:\/\/issuu.com\/uniwersytetslaski\" target=\"_blank\" rel=\"noreferrer noopener\"><em><\/em><\/a><a href=\"https:\/\/www.researchgate.net\/institution\/University_of_Silesia_in_Katowice\" target=\"_blank\" rel=\"noreferrer noopener\"><em><\/em><\/a><a href=\"https:\/\/www.linkedin.com\/school\/uniwersytet-%C5%9Bl%C4%85ski-w-katowicach\/\" target=\"_blank\" rel=\"noreferrer noopener\"><em><\/em><\/a><\/p>\n","protected":false},"excerpt":{"rendered":"<p>Wprowadzenie Dane kontaktowe Konta u\u017cytkownik\u00f3w Gromadzenie danych Pliki cookies Bezpiecze\u0144stwo danych<\/p>\n","protected":false},"author":1,"featured_media":0,"parent":0,"menu_order":0,"comment_status":"closed","ping_status":"closed","template":"","meta":{"qubely_global_settings":"","qubely_interactions":"","footnotes":""},"class_list":["post-182","page","type-page","status-publish","hentry"],"_links":{"self":[{"href":"https:\/\/centrumbadawczesas.us.edu.pl\/index.php\/wp-json\/wp\/v2\/pages\/182","targetHints":{"allow":["GET"]}}],"collection":[{"href":"https:\/\/centrumbadawczesas.us.edu.pl\/index.php\/wp-json\/wp\/v2\/pages"}],"about":[{"href":"https:\/\/centrumbadawczesas.us.edu.pl\/index.php\/wp-json\/wp\/v2\/types\/page"}],"author":[{"embeddable":true,"href":"https:\/\/centrumbadawczesas.us.edu.pl\/index.php\/wp-json\/wp\/v2\/users\/1"}],"replies":[{"embeddable":true,"href":"https:\/\/centrumbadawczesas.us.edu.pl\/index.php\/wp-json\/wp\/v2\/comments?post=182"}],"version-history":[{"count":1,"href":"https:\/\/centrumbadawczesas.us.edu.pl\/index.php\/wp-json\/wp\/v2\/pages\/182\/revisions"}],"predecessor-version":[{"id":184,"href":"https:\/\/centrumbadawczesas.us.edu.pl\/index.php\/wp-json\/wp\/v2\/pages\/182\/revisions\/184"}],"wp:attachment":[{"href":"https:\/\/centrumbadawczesas.us.edu.pl\/index.php\/wp-json\/wp\/v2\/media?parent=182"}],"curies":[{"name":"wp","href":"https:\/\/api.w.org\/{rel}","templated":true}]}}