{"id":31,"date":"2023-10-13T13:11:36","date_gmt":"2023-10-13T13:11:36","guid":{"rendered":"https:\/\/centrumbadawczesas.us.edu.pl\/?page_id=31"},"modified":"2024-10-16T16:16:31","modified_gmt":"2024-10-16T16:16:31","slug":"zespol","status":"publish","type":"page","link":"https:\/\/centrumbadawczesas.us.edu.pl\/index.php\/zespol\/","title":{"rendered":"Zesp\u00f3\u0142"},"content":{"rendered":"\n<div class=\"wp-block-qubely-team qubely-block-86b3fa\"><div class=\"qubely-block-team  qubely-team-layout-3\"><div class=\"qubely-team-image-wrapper\"><img decoding=\"async\" class=\"qubely-team-image\" src=\"https:\/\/centrumbadawczesas.us.edu.pl\/wp-content\/uploads\/2024\/10\/SEP_0733-square.jpg\" srcset=\"\" alt=\"<strong&gt;Dr hab. Agnieszka Turska-Kawa, prof. U\u015a<\/strong&gt;<br&gt;Dyrektorka Centrum<br&gt;\"\/><\/div><div class=\"qubely-team-content\"><div class=\"qubely-team-content-inner\"><span class=\"qubely-team-name\"><strong>Dr hab. Agnieszka Turska-Kawa, prof. U\u015a<\/strong><br>Dyrektorka Centrum<br><\/span><div class=\"qubely-team-designation-container\"><span class=\"qubely-team-designation\">Politolog, psycholog. Dyrektor Instytutu Nauk Politycznych Uniwersytetu \u015al\u0105skiego. Liderka i wykonawczyni licznych grant\u00f3w zar\u00f3wno naukowo-badawczych (Horyzont Europa, NCN, COST CA15207, NCBiR), jak i projekt\u00f3w spo\u0142ecznych realizowanych we wsp\u00f3\u0142pracy z jednostkami samorz\u0105du terytorialnego (EDIH). Laureatka Stypendium MNiSW dla wybitnych m\u0142odych naukowc\u00f3w (2018-2019). Jej zainteresowania naukowo-badawcze to psychologia polityki, w szczeg\u00f3lno\u015bci w kontek\u015bcie zachowa\u0144 politycznych. Interesuj\u0105 j\u0105 motywacje i emocje rz\u0105dz\u0105ce sfer\u0105 polityki, poznawcze aspekty wybor\u00f3w politycznych, jak i szeroko rozumiane patologie demokracji.<br>ORCID:\u00a0<a rel=\"noreferrer noopener\" href=\"https:\/\/orcid.org\/0000-0002-2748-7037\" target=\"_blank\">https:\/\/orcid.org\/0000-0002-2748-7037<\/a><\/span><\/div><\/div><\/div><\/div><\/div>\n\n\n\n<div class=\"wp-block-qubely-team qubely-block-869f05\"><div class=\"qubely-block-team  qubely-team-layout-3\"><div class=\"qubely-team-image-wrapper\"><img decoding=\"async\" class=\"qubely-team-image\" src=\"https:\/\/centrumbadawczesas.us.edu.pl\/wp-content\/uploads\/2024\/10\/dr-Kornelia-Batko2-e1727437204648.png\" srcset=\"\" alt=\"<strong&gt;Dr Kornelia Batko, prof. U\u015a<\/strong&gt;<br&gt;Z-ca Dyrektorki Centrum<br&gt;\"\/><\/div><div class=\"qubely-team-content\"><div class=\"qubely-team-content-inner\"><span class=\"qubely-team-name\"><strong>Dr Kornelia Batko, prof. U\u015a<\/strong><br>Z-ca Dyrektorki Centrum<br><\/span><div class=\"qubely-team-designation-container\"><span class=\"qubely-team-designation\">Doktor nauk ekonomicznych, wyk\u0142adowca, szkoleniowiec, trener. W latach 2005- 2022 pracownik naukowo-dydaktyczny w Katedrze Informatyki Ekonomicznej Uniwersytetu Ekonomicznego w Katowicach. Od 2023 roku pracuje na stanowisku profesora uczelni w Instytucie Nauk Politycznych Uniwersytetu \u015al\u0105skiego w Katowicach. Od ponad 17 lat prowadzi dla student\u00f3w r\u00f3\u017cnych uczelni zaj\u0119cia m.in. z zakresu technologii Informacyjnych, handlu elektronicznego, projektowania stron i sklep\u00f3w internetowych, marketingu internetowego, kampanii w mediach spo\u0142eczno\u015bciowych. Autorka ponad 70 artyku\u0142\u00f3w naukowych. Jej zainteresowania badawcze koncentruj\u0105 si\u0119 wok\u00f3\u0142 problematyki: polityki zdrowotnej; wykorzystania system\u00f3w analitycznych oraz Big Data w ochronie zdrowia; kreowaniu wizerunku organizacji (zw\u0142aszcza jednostek ochrony zdrowia); selfcare i dobrostanu spo\u0142ecze\u0144stwa, komunikacji i kreowania wizerunku w social mediach.<br>ORCID: <a href=\"https:\/\/orcid.org\/0000-0001-6561-3826\">https:\/\/orcid.org\/0000-0001-6561-3826<\/a><\/span><\/div><\/div><\/div><\/div><\/div>\n\n\n\n<div class=\"wp-block-qubely-team qubely-block-5090a7\"><div class=\"qubely-block-team  qubely-team-layout-3\"><div class=\"qubely-team-image-wrapper\"><img decoding=\"async\" class=\"qubely-team-image\" src=\"https:\/\/centrumbadawczesas.us.edu.pl\/wp-content\/uploads\/2023\/10\/Elzbieta-Turska_DSC_4736-240x300-1.jpg\" srcset=\"\" alt=\"<strong&gt;Dr hab. El\u017cbieta Turska, prof. U\u015a<\/strong&gt;<br&gt;\"\/><\/div><div class=\"qubely-team-content\"><div class=\"qubely-team-content-inner\"><span class=\"qubely-team-name\"><strong>Dr hab. El\u017cbieta Turska, prof. U\u015a<\/strong><br><\/span><div class=\"qubely-team-designation-container\"><span class=\"qubely-team-designation\"><em>Psycholog, adiunkt w Instytucie Psychologii na Uniwersytecie \u015al\u0105skim. Jej zainteresowania skupiaj\u0105 si\u0119 wok\u00f3\u0142 problematyki zmiany, zachowa\u0144 organizacyjnych, problematyki zarz\u0105dzania sob\u0105. Jest wieloletnim dydaktykiem, badaczem oraz psychologiem praktykiem z zakresu doradztwa zawodu i planowania kariery. W praktyce szkoleniowej specjalizuje si\u0119 w dziedzinie rozwoju w\u0142asnego potencja\u0142u, planowania i zarz\u0105dzania w\u0142asn\u0105 karier\u0105, rozwoju umiej\u0119tno\u015bci komunikacyjnych, radzenia sobie ze stresem, zarz\u0105dzania zmian\u0105. Jest tak\u017ce instruktorem program\u00f3w profilaktyki uzale\u017cnie\u0144<\/em>.<\/span><\/div><\/div><\/div><\/div><\/div>\n\n\n\n<div class=\"wp-block-qubely-team qubely-block-1df78e\"><div class=\"qubely-block-team  qubely-team-layout-3\"><div class=\"qubely-team-image-wrapper\"><img decoding=\"async\" class=\"qubely-team-image\" src=\"https:\/\/centrumbadawczesas.us.edu.pl\/wp-content\/uploads\/2023\/10\/Irena-Pilch_DSC_3865-768x960-1.jpg\" srcset=\"\" alt=\"<strong&gt;<br&gt;Dr hab. Irena Pilch, prof. U\u015a<\/strong&gt;<br&gt;\"\/><\/div><div class=\"qubely-team-content\"><div class=\"qubely-team-content-inner\"><span class=\"qubely-team-name\"><strong><br>Dr hab. Irena Pilch, prof. U\u015a<\/strong><br><\/span><div class=\"qubely-team-designation-container\"><span class=\"qubely-team-designation\">Psycholog, doktor habilitowany nauk spo\u0142ecznych, prowadzi badania w Instytucie Psychologii Uniwersytetu \u015al\u0105skiego. Autorka ponad sze\u015b\u0107dziesi\u0119ciu publikacji naukowych. Jej zainteresowania naukowe mieszcz\u0105 si\u0119 na styku psychologii osobowo\u015bci z psychologi\u0105 spo\u0142eczn\u0105, kliniczn\u0105, oraz psychologi\u0105 psychologii pracy i organizacji. Prowadzi tak\u017ce badania w obszarze psychologii politycznej. W latach 2016\/19 kierowa\u0142a Zak\u0142adem Psychologii Klinicznej i S\u0105dowej, za\u015b w latach 2019\/22 pe\u0142ni\u0142a funkcj\u0119 dyrektora Instytutu Psychologii Uniwersytetu \u015al\u0105skiego.<br>ORCID:\u00a0<a rel=\"noreferrer noopener\" href=\"https:\/\/orcid.org\/0000-0002-4471-1993\" target=\"_blank\">https:\/\/orcid.org\/0000-0002-4471-1993<\/a><\/span><\/div><\/div><\/div><\/div><\/div>\n\n\n\n<div class=\"wp-block-qubely-team qubely-block-fd74c6\"><div class=\"qubely-block-team  qubely-team-layout-3\"><div class=\"qubely-team-image-wrapper\"><img decoding=\"async\" class=\"qubely-team-image\" src=\"https:\/\/centrumbadawczesas.us.edu.pl\/wp-content\/uploads\/2023\/10\/DSC_2616xx.jpg\" srcset=\"\" alt=\"<br&gt;<strong&gt;Dr Dagna Kocur<\/strong&gt;<br&gt;\"\/><\/div><div class=\"qubely-team-content\"><div class=\"qubely-team-content-inner\"><span class=\"qubely-team-name\"><br><strong>Dr Dagna Kocur<\/strong><br><\/span><div class=\"qubely-team-designation-container\"><span class=\"qubely-team-designation\">Jest psychologiem, doktorem nauk spo\u0142ecznych w dziedzinie psychologii. Jej zainteresowania skupiaj\u0105 si\u0119 wok\u00f3\u0142 psychologii spo\u0142ecznej oraz uwa\u017cno\u015bci i wsp\u00f3\u0142czucia wobec samego siebie. Uko\u0144czy\u0142a wiele kurs\u00f3w z zakresu psychoterapii i uwa\u017cno\u015bci. Jest certyfikowan\u0105 przez Mindfulness Association Polska, nauczycielk\u0105 Kursu \u017cycia opartego na uwa\u017cno\u015bci (MBLC). Na Uniwersytecie \u015al\u0105skim prowadzi badania, zaj\u0119cia dydaktyczne, a tak\u017ce medytacj\u0119 uwa\u017cno\u015bci.<\/span><\/div><\/div><\/div><\/div><\/div>\n","protected":false},"excerpt":{"rendered":"","protected":false},"author":1,"featured_media":0,"parent":0,"menu_order":0,"comment_status":"closed","ping_status":"closed","template":"","meta":{"qubely_global_settings":"","qubely_interactions":"","footnotes":""},"class_list":["post-31","page","type-page","status-publish","hentry"],"_links":{"self":[{"href":"https:\/\/centrumbadawczesas.us.edu.pl\/index.php\/wp-json\/wp\/v2\/pages\/31","targetHints":{"allow":["GET"]}}],"collection":[{"href":"https:\/\/centrumbadawczesas.us.edu.pl\/index.php\/wp-json\/wp\/v2\/pages"}],"about":[{"href":"https:\/\/centrumbadawczesas.us.edu.pl\/index.php\/wp-json\/wp\/v2\/types\/page"}],"author":[{"embeddable":true,"href":"https:\/\/centrumbadawczesas.us.edu.pl\/index.php\/wp-json\/wp\/v2\/users\/1"}],"replies":[{"embeddable":true,"href":"https:\/\/centrumbadawczesas.us.edu.pl\/index.php\/wp-json\/wp\/v2\/comments?post=31"}],"version-history":[{"count":7,"href":"https:\/\/centrumbadawczesas.us.edu.pl\/index.php\/wp-json\/wp\/v2\/pages\/31\/revisions"}],"predecessor-version":[{"id":530,"href":"https:\/\/centrumbadawczesas.us.edu.pl\/index.php\/wp-json\/wp\/v2\/pages\/31\/revisions\/530"}],"wp:attachment":[{"href":"https:\/\/centrumbadawczesas.us.edu.pl\/index.php\/wp-json\/wp\/v2\/media?parent=31"}],"curies":[{"name":"wp","href":"https:\/\/api.w.org\/{rel}","templated":true}]}}