{"id":37,"date":"2023-10-13T13:12:07","date_gmt":"2023-10-13T13:12:07","guid":{"rendered":"https:\/\/centrumbadawczesas.us.edu.pl\/?page_id=37"},"modified":"2024-06-30T19:49:02","modified_gmt":"2024-06-30T19:49:02","slug":"publikacje","status":"publish","type":"page","link":"https:\/\/centrumbadawczesas.us.edu.pl\/index.php\/publikacje\/","title":{"rendered":"Publikacje"},"content":{"rendered":"\n<ul class=\"wp-block-list\">\n<li>Na stronie <strong>Fundacji Rozwoju Demokracji Lokalnej <\/strong>ukaza\u0142 si\u0119 artyku\u0142 <strong>Agnieszki Turskiej- Kawy, Prof US oraz Wiktorii Smo\u0142kowskiej- J\u0119do<\/strong> &#8222;<strong>GREY PARTICIPATION. AKTYWIZACJA SPO\u0141ECZNA SENIOR\u00d3W JAKO WYZWANIE DLA SAMORZ\u0104D\u00d3W LOKALNYCH<\/strong>&#8222;.  Mo\u017cna si\u0119 z nim zapozna\u0107 na stronie: <a href=\"https:\/\/frdl.org.pl\/publikacje\/opinie-i-komentarze-frdl\/grey-participation-aktywizacja-spoleczna-seniorow-jako-wyzwanie-dla-samorzadow-lokalnych\">https:\/\/frdl.org.pl\/publikacje\/opinie-i-komentarze-frdl\/grey-participation-aktywizacja-spoleczna-seniorow-jako-wyzwanie-dla-samorzadow-lokalnych<\/a>. Zapraszamy do lektury.<\/li>\n<\/ul>\n\n\n\n<div data-wp-interactive=\"core\/file\" class=\"wp-block-file\"><object data-wp-bind--hidden=\"!state.hasPdfPreview\" hidden class=\"wp-block-file__embed\" data=\"https:\/\/centrumbadawczesas.us.edu.pl\/wp-content\/uploads\/2024\/06\/opinie_i_komentarze.grey_participation.pdf\" type=\"application\/pdf\" style=\"width:100%;height:600px\" aria-label=\"Osadzone z opinie_i_komentarze.grey_participation.\"><\/object><a id=\"wp-block-file--media-e24d2d44-99da-42c8-9891-61f3245a863a\" href=\"https:\/\/centrumbadawczesas.us.edu.pl\/wp-content\/uploads\/2024\/06\/opinie_i_komentarze.grey_participation.pdf\">opinie_i_komentarze.grey_participation<\/a><a href=\"https:\/\/centrumbadawczesas.us.edu.pl\/wp-content\/uploads\/2024\/06\/opinie_i_komentarze.grey_participation.pdf\" class=\"wp-block-file__button wp-element-button\" download aria-describedby=\"wp-block-file--media-e24d2d44-99da-42c8-9891-61f3245a863a\">Pobierz<\/a><\/div>\n","protected":false},"excerpt":{"rendered":"","protected":false},"author":1,"featured_media":0,"parent":0,"menu_order":0,"comment_status":"closed","ping_status":"closed","template":"","meta":{"qubely_global_settings":"","qubely_interactions":"","footnotes":""},"class_list":["post-37","page","type-page","status-publish","hentry"],"_links":{"self":[{"href":"https:\/\/centrumbadawczesas.us.edu.pl\/index.php\/wp-json\/wp\/v2\/pages\/37","targetHints":{"allow":["GET"]}}],"collection":[{"href":"https:\/\/centrumbadawczesas.us.edu.pl\/index.php\/wp-json\/wp\/v2\/pages"}],"about":[{"href":"https:\/\/centrumbadawczesas.us.edu.pl\/index.php\/wp-json\/wp\/v2\/types\/page"}],"author":[{"embeddable":true,"href":"https:\/\/centrumbadawczesas.us.edu.pl\/index.php\/wp-json\/wp\/v2\/users\/1"}],"replies":[{"embeddable":true,"href":"https:\/\/centrumbadawczesas.us.edu.pl\/index.php\/wp-json\/wp\/v2\/comments?post=37"}],"version-history":[{"count":3,"href":"https:\/\/centrumbadawczesas.us.edu.pl\/index.php\/wp-json\/wp\/v2\/pages\/37\/revisions"}],"predecessor-version":[{"id":463,"href":"https:\/\/centrumbadawczesas.us.edu.pl\/index.php\/wp-json\/wp\/v2\/pages\/37\/revisions\/463"}],"wp:attachment":[{"href":"https:\/\/centrumbadawczesas.us.edu.pl\/index.php\/wp-json\/wp\/v2\/media?parent=37"}],"curies":[{"name":"wp","href":"https:\/\/api.w.org\/{rel}","templated":true}]}}