{"id":83,"date":"2023-10-13T17:57:35","date_gmt":"2023-10-13T17:57:35","guid":{"rendered":"https:\/\/centrumbadawczesas.us.edu.pl\/?page_id=83"},"modified":"2025-08-14T09:20:59","modified_gmt":"2025-08-14T09:20:59","slug":"o-projekcie","status":"publish","type":"page","link":"https:\/\/centrumbadawczesas.us.edu.pl\/index.php\/o-projekcie\/","title":{"rendered":"O projekcie"},"content":{"rendered":"\t\t<div data-elementor-type=\"wp-page\" data-elementor-id=\"83\" class=\"elementor elementor-83\">\n\t\t\t\t<div class=\"elementor-element elementor-element-1ee5e78 e-flex e-con-boxed e-con e-parent\" data-id=\"1ee5e78\" data-element_type=\"container\" data-e-type=\"container\">\n\t\t\t\t\t<div class=\"e-con-inner\">\n\t\t\t\t<div class=\"elementor-element elementor-element-6a8966a1 elementor-widget elementor-widget-text-editor\" data-id=\"6a8966a1\" data-element_type=\"widget\" data-e-type=\"widget\" data-widget_type=\"text-editor.default\">\n\t\t\t\t<div class=\"elementor-widget-container\">\n\t\t\t\t\t\t\t\t\t\n<p>Celem projektu jest aktywizacja spo\u0142eczna os\u00f3b +65, poprzez wzmacnianie ich kondycji psychospo\u0142ecznej, ukazywanie pozytywnych stron zaanga\u017cowania spo\u0142ecznego, budowanie \u015bwiadomo\u015bci przywi\u0105zania do kultury i miejsca. W ramach dzia\u0142a\u0144 realizujemy 3 modu\u0142y zaj\u0119ciowe:<\/p>\n\n<p><strong>1.<\/strong> <strong>Modu\u0142 szkole\u0144\/warsztat\u00f3w<\/strong>. S\u0105 to warsztatowe, aktywne spotkania z ekspertami w kilku sekcjach tematycznych (obywatelska, psychospo\u0142eczna, sztuki, technologiczna). Uczestnicy spotka\u0144 poznaj\u0105 tradycje i historie regionu, dowiedz\u0105 si\u0119 o mo\u017cliwo\u015bciach i pozytywnych konsekwencjach inicjatyw obywatelskich. Dowiedz\u0105 si\u0119 tak\u017ce, jak radzi\u0107 sobie w trudnych sytuacjach, czy jak skutecznie broni\u0107 si\u0119 przed manipulacj\u0105. Cz\u0119\u015b\u0107 zaj\u0119\u0107 zostanie po\u015bwi\u0119cona muzyce, teatrowi, folklorowi. B\u0119dziemy wspierali kompetencje technologiczne senior\u00f3w, poprzez nauk\u0119 podstaw obs\u0142ugi komputera i poznanie tajnik\u00f3w internetu.<\/p>\n\n<p><strong>2. Modu\u0142 konsultacji psychologicznych<\/strong>. To indywidualne b\u0105d\u017a w ma\u0142ych grupach spotkania z psychologiem, ukierunkowane na potrzeby i problemy, zg\u0142aszane przez senior\u00f3w.<\/p>\n\n<p><strong>3. Modu\u0142 \u0107wicze\u0144 fizycznych i zaj\u0119\u0107 kszta\u0142tuj\u0105cych zdrowe nawyki.<\/strong> Szczeg\u00f3lne miejsce w podejmowanej problematyce po\u015bwi\u0119camy ruchowi i fizycznemu wzmacnianiu cia\u0142a. Ka\u017cde zaj\u0119cia po\u0142\u0105czone b\u0119d\u0105 z pogadank\u0105 o zdrowiu, zdrowym \u017cywieniu, kszta\u0142towaniu zdrowych nawyk\u00f3w.<\/p>\n\n<p>Wi\u0119cej o tematyce szkole\u0144 dowiesz si\u0119<a href=\"https:\/\/centrumbadawczesas.us.edu.pl\/index.php\/szkolenia\/\" data-type=\"link\" data-id=\"https:\/\/centrumbadawczesas.us.edu.pl\/index.php\/szkolenia\/\"> <strong>tutaj<\/strong><\/a><strong>:<\/strong><\/p>\n\n<p>Zapraszamy do zapoznania si\u0119 z poradnikami przygotowanymi przez naszych ekspert\u00f3w<strong> tutaj.<\/strong><\/p>\n\n<p><strong>P<\/strong><strong>rojekt finansowany z ministerialnego programu Spo\u0142eczna Odpowiedzialno\u015b\u0107 Nauki II &#8211; popularyzacja nauki<\/strong><\/p>\n<p><strong>Nr\u00a0POPUL\/SN\/0178\/2023\/01<\/strong><\/p>\n\t\t\t\t\t\t\t\t<\/div>\n\t\t\t\t<\/div>\n\t\t\t\t\t<\/div>\n\t\t\t\t<\/div>\n\t\t\t\t<\/div>\n\t\t","protected":false},"excerpt":{"rendered":"<p>Celem projektu jest aktywizacja spo\u0142eczna os\u00f3b +65, poprzez wzmacnianie ich kondycji psychospo\u0142ecznej, ukazywanie pozytywnych stron zaanga\u017cowania spo\u0142ecznego, budowanie \u015bwiadomo\u015bci przywi\u0105zania do kultury i miejsca. W ramach dzia\u0142a\u0144 realizujemy 3 modu\u0142y zaj\u0119ciowe: 1. Modu\u0142 szkole\u0144\/warsztat\u00f3w. S\u0105 to warsztatowe, aktywne spotkania z ekspertami w kilku sekcjach tematycznych (obywatelska, psychospo\u0142eczna, sztuki, technologiczna). Uczestnicy spotka\u0144 poznaj\u0105 tradycje i historie [&hellip;]<\/p>\n","protected":false},"author":1,"featured_media":0,"parent":0,"menu_order":0,"comment_status":"closed","ping_status":"closed","template":"","meta":{"qubely_global_settings":"","qubely_interactions":"","footnotes":""},"class_list":["post-83","page","type-page","status-publish","hentry"],"_links":{"self":[{"href":"https:\/\/centrumbadawczesas.us.edu.pl\/index.php\/wp-json\/wp\/v2\/pages\/83","targetHints":{"allow":["GET"]}}],"collection":[{"href":"https:\/\/centrumbadawczesas.us.edu.pl\/index.php\/wp-json\/wp\/v2\/pages"}],"about":[{"href":"https:\/\/centrumbadawczesas.us.edu.pl\/index.php\/wp-json\/wp\/v2\/types\/page"}],"author":[{"embeddable":true,"href":"https:\/\/centrumbadawczesas.us.edu.pl\/index.php\/wp-json\/wp\/v2\/users\/1"}],"replies":[{"embeddable":true,"href":"https:\/\/centrumbadawczesas.us.edu.pl\/index.php\/wp-json\/wp\/v2\/comments?post=83"}],"version-history":[{"count":9,"href":"https:\/\/centrumbadawczesas.us.edu.pl\/index.php\/wp-json\/wp\/v2\/pages\/83\/revisions"}],"predecessor-version":[{"id":611,"href":"https:\/\/centrumbadawczesas.us.edu.pl\/index.php\/wp-json\/wp\/v2\/pages\/83\/revisions\/611"}],"wp:attachment":[{"href":"https:\/\/centrumbadawczesas.us.edu.pl\/index.php\/wp-json\/wp\/v2\/media?parent=83"}],"curies":[{"name":"wp","href":"https:\/\/api.w.org\/{rel}","templated":true}]}}